{"id":62,"date":"2024-09-13T14:46:32","date_gmt":"2024-09-13T12:46:32","guid":{"rendered":"https:\/\/benoit-solutions-1xyvczlwh9.live-website.com\/?page_id=62"},"modified":"2024-09-20T13:14:51","modified_gmt":"2024-09-20T11:14:51","slug":"pourquoi_externaliser","status":"publish","type":"page","link":"https:\/\/benoit-solutions.com\/en\/pourquoi_externaliser\/","title":{"rendered":"Why outsource ?"},"content":{"rendered":"<div style=\"background-image:url(&apos;https:\/\/benoit-solutions-1xyvczlwh9.live-website.com\/wp-content\/uploads\/2024\/09\/wall-big.jpeg&apos;);background-position:91% 86%;background-size:cover;\" class=\"wp-block-group alignfull has-base-background-color has-background is-vertical is-content-justification-center is-layout-flex wp-container-core-group-is-layout-ce155fab wp-block-group-is-layout-flex\">\n<div class=\"wp-block-group alignwide has-global-padding is-layout-constrained wp-block-group-is-layout-constrained\">\n<div class=\"wp-block-columns alignwide are-vertically-aligned-center has-background is-layout-flex wp-container-core-columns-is-layout-28f84493 wp-block-columns-is-layout-flex\" style=\"background-color:#303030d9\">\n<div class=\"wp-block-column is-vertically-aligned-center has-global-padding is-layout-constrained wp-block-column-is-layout-constrained\">\n<figure class=\"wp-block-image aligncenter size-full is-resized\"><img loading=\"lazy\" decoding=\"async\" width=\"768\" height=\"768\" src=\"https:\/\/benoit-solutions-1xyvczlwh9.live-website.com\/wp-content\/uploads\/2024\/09\/Partnership-pana-768x768-1.png\" alt=\"\" class=\"wp-image-80\" style=\"width:243px;height:auto\"\/><\/figure>\n<\/div>\n\n\n\n<div class=\"wp-block-column is-vertically-aligned-center has-global-padding is-layout-constrained wp-block-column-is-layout-constrained\">\n<h2 class=\"wp-block-heading\">Optimisez Votre D\u00e9veloppement : Pourquoi Externaliser ?<\/h2>\n\n\n\n<p>Externaliser vos projets peut transformer la mani\u00e8re dont votre entreprise d\u00e9veloppe et innove. D\u00e9couvrez comment en tirer le meilleur parti.<\/p>\n<\/div>\n<\/div>\n<\/div>\n\n\n\n<div class=\"wp-block-group has-global-padding is-layout-constrained wp-block-group-is-layout-constrained\">\n<div class=\"wp-block-columns are-vertically-aligned-center scroll-animate has-gradient-3-gradient-background has-background is-layout-flex wp-container-core-columns-is-layout-0ddcf44b wp-block-columns-is-layout-flex\" style=\"margin-top:var(--wp--preset--spacing--20);margin-bottom:var(--wp--preset--spacing--20);padding-top:var(--wp--preset--spacing--30);padding-bottom:var(--wp--preset--spacing--30)\">\n<div class=\"wp-block-column is-vertically-aligned-center is-layout-flow wp-block-column-is-layout-flow\" style=\"flex-basis:100px\">\n<div class=\"wp-block-group is-nowrap is-layout-flex wp-container-core-group-is-layout-6c531013 wp-block-group-is-layout-flex\">\n<h1 class=\"wp-block-heading has-text-align-center is-style-default has-body-font-family\" style=\"font-size:clamp(4.16rem, 4.16rem + ((1vw - 0.2rem) * 8.067), 9rem);font-style:normal;font-weight:800;writing-mode:horizontal-tb\">1<\/h1>\n<\/div>\n<\/div>\n\n\n\n<div class=\"wp-block-column is-vertically-aligned-center is-layout-flow wp-block-column-is-layout-flow\">\n<div class=\"wp-block-group is-nowrap is-layout-flex wp-container-core-group-is-layout-6c531013 wp-block-group-is-layout-flex\">\n<figure class=\"wp-block-image aligncenter size-full is-resized wp-duotone-f9f9f9-fafafa00-1\"><img loading=\"lazy\" decoding=\"async\" width=\"225\" height=\"225\" src=\"https:\/\/benoit-solutions-1xyvczlwh9.live-website.com\/wp-content\/uploads\/2024\/09\/images.png\" alt=\"\" class=\"wp-image-84\" style=\"width:81px;height:auto\"\/><\/figure>\n\n\n\n<h2 class=\"wp-block-heading\"><strong>Focus sur Votre C\u0153ur de M\u00e9tier<\/strong><\/h2>\n<\/div>\n\n\n\n<p>En externalisant, vous pouvez concentrer vos ressources internes sur vos comp\u00e9tences cl\u00e9s et vos objectifs strat\u00e9giques, tout en laissant les aspects techniques complexes \u00e0 des experts.<\/p>\n<\/div>\n<\/div>\n<\/div>\n\n\n\n<div class=\"wp-block-group has-global-padding is-layout-constrained wp-block-group-is-layout-constrained\">\n<div class=\"wp-block-columns scroll-animate has-gradient-5-gradient-background has-background is-layout-flex wp-container-core-columns-is-layout-0ddcf44b wp-block-columns-is-layout-flex\" style=\"margin-top:var(--wp--preset--spacing--20);margin-bottom:var(--wp--preset--spacing--20);padding-top:var(--wp--preset--spacing--30);padding-bottom:var(--wp--preset--spacing--30)\">\n<div class=\"wp-block-column is-vertically-aligned-center is-layout-flow wp-block-column-is-layout-flow\" style=\"flex-basis:100px\">\n<h1 class=\"wp-block-heading has-text-align-center is-style-default has-body-font-family\" style=\"font-size:clamp(4.16rem, 4.16rem + ((1vw - 0.2rem) * 8.067), 9rem);font-style:normal;font-weight:800;writing-mode:horizontal-tb\">2<\/h1>\n<\/div>\n\n\n\n<div class=\"wp-block-column is-layout-flow wp-block-column-is-layout-flow\">\n<div class=\"wp-block-group is-nowrap is-layout-flex wp-container-core-group-is-layout-6c531013 wp-block-group-is-layout-flex\">\n<figure class=\"wp-block-image aligncenter size-full is-resized wp-duotone-f9f9f9-f9f9f9-2\"><img loading=\"lazy\" decoding=\"async\" width=\"512\" height=\"512\" src=\"https:\/\/benoit-solutions-1xyvczlwh9.live-website.com\/wp-content\/uploads\/2024\/09\/3580329.png\" alt=\"\" class=\"wp-image-83\" style=\"width:100px;height:auto\"\/><\/figure>\n\n\n\n<h2 class=\"wp-block-heading\"><strong>Flexibilit\u00e9 et Agilit\u00e9<\/strong><\/h2>\n<\/div>\n\n\n\n<p>Les solutions externalis\u00e9es permettent d&rsquo;ajuster rapidement les ressources et les comp\u00e9tences en fonction des besoins du projet, vous offrant une plus grande flexibilit\u00e9 pour r\u00e9pondre aux \u00e9volutions du march\u00e9.<\/p>\n<\/div>\n<\/div>\n<\/div>\n\n\n\n<div class=\"wp-block-group has-global-padding is-layout-constrained wp-block-group-is-layout-constrained\">\n<div class=\"wp-block-columns scroll-animate has-gradient-1-gradient-background has-background is-layout-flex wp-container-core-columns-is-layout-0ddcf44b wp-block-columns-is-layout-flex\" style=\"margin-top:var(--wp--preset--spacing--20);margin-bottom:var(--wp--preset--spacing--20);padding-top:var(--wp--preset--spacing--30);padding-bottom:var(--wp--preset--spacing--30)\">\n<div class=\"wp-block-column is-vertically-aligned-center is-layout-flow wp-container-core-column-is-layout-15d35364 wp-block-column-is-layout-flow\" style=\"padding-top:0;padding-bottom:0;flex-basis:100px\">\n<h1 class=\"wp-block-heading has-text-align-center is-style-default has-body-font-family\" style=\"font-size:clamp(4.16rem, 4.16rem + ((1vw - 0.2rem) * 8.067), 9rem);font-style:normal;font-weight:800;writing-mode:horizontal-tb\">3<\/h1>\n<\/div>\n\n\n\n<div class=\"wp-block-column is-vertically-aligned-center is-layout-flow wp-block-column-is-layout-flow\">\n<div class=\"wp-block-group is-nowrap is-layout-flex wp-container-core-group-is-layout-6c531013 wp-block-group-is-layout-flex\">\n<figure class=\"wp-block-image size-full is-resized has-custom-border wp-duotone-ffffff-26262600-3\"><img loading=\"lazy\" decoding=\"async\" width=\"724\" height=\"542\" src=\"https:\/\/benoit-solutions-1xyvczlwh9.live-website.com\/wp-content\/uploads\/2024\/09\/noCost.jpg\" alt=\"\" class=\"wp-image-89\" style=\"border-style:none;border-width:0px;border-radius:0px;width:109px;height:auto\"\/><\/figure>\n\n\n\n<h2 class=\"wp-block-heading\"><strong>R\u00e9duction des Co\u00fbts<\/strong><\/h2>\n<\/div>\n\n\n\n<p>Optimisez votre budget en \u00e9vitant les co\u00fbts fixes li\u00e9s \u00e0 l&#8217;embauche et \u00e0 la formation de personnel permanent. Payez uniquement pour les services dont vous avez besoin, quand vous en avez besoin.<\/p>\n<\/div>\n<\/div>\n<\/div>\n<\/div>","protected":false},"excerpt":{"rendered":"<p>Optimisez Votre D\u00e9veloppement : Pourquoi Externaliser ? Externaliser vos projets peut transformer la mani\u00e8re dont votre entreprise d\u00e9veloppe et innove. D\u00e9couvrez comment en tirer le meilleur parti. 1 Focus sur Votre C\u0153ur de M\u00e9tier En externalisant, vous pouvez concentrer vos ressources internes sur vos comp\u00e9tences cl\u00e9s et vos objectifs strat\u00e9giques, tout en laissant les aspects [&hellip;]<\/p>\n","protected":false},"author":1,"featured_media":0,"parent":0,"menu_order":0,"comment_status":"closed","ping_status":"closed","template":"","meta":{"footnotes":""},"class_list":["post-62","page","type-page","status-publish","hentry"],"_links":{"self":[{"href":"https:\/\/benoit-solutions.com\/en\/wp-json\/wp\/v2\/pages\/62","targetHints":{"allow":["GET"]}}],"collection":[{"href":"https:\/\/benoit-solutions.com\/en\/wp-json\/wp\/v2\/pages"}],"about":[{"href":"https:\/\/benoit-solutions.com\/en\/wp-json\/wp\/v2\/types\/page"}],"author":[{"embeddable":true,"href":"https:\/\/benoit-solutions.com\/en\/wp-json\/wp\/v2\/users\/1"}],"replies":[{"embeddable":true,"href":"https:\/\/benoit-solutions.com\/en\/wp-json\/wp\/v2\/comments?post=62"}],"version-history":[{"count":23,"href":"https:\/\/benoit-solutions.com\/en\/wp-json\/wp\/v2\/pages\/62\/revisions"}],"predecessor-version":[{"id":227,"href":"https:\/\/benoit-solutions.com\/en\/wp-json\/wp\/v2\/pages\/62\/revisions\/227"}],"wp:attachment":[{"href":"https:\/\/benoit-solutions.com\/en\/wp-json\/wp\/v2\/media?parent=62"}],"curies":[{"name":"wp","href":"https:\/\/api.w.org\/{rel}","templated":true}]}}