{"id":136,"date":"2024-09-20T10:16:30","date_gmt":"2024-09-20T08:16:30","guid":{"rendered":"https:\/\/benoit-solutions-1xyvczlwh9.live-website.com\/?page_id=136"},"modified":"2025-04-27T19:18:26","modified_gmt":"2025-04-27T17:18:26","slug":"experiences","status":"publish","type":"page","link":"https:\/\/benoit-solutions.com\/en\/experiences\/","title":{"rendered":"Experiences"},"content":{"rendered":"<div style=\"background-image:url(&apos;https:\/\/benoit-solutions-1xyvczlwh9.live-website.com\/wp-content\/uploads\/2024\/09\/wall.jpg&apos;);background-position:48% 26%;background-size:cover;\" class=\"wp-block-group alignfull is-vertical is-content-justification-center is-layout-flex wp-container-core-group-is-layout-b6c1f246 wp-block-group-is-layout-flex has-background\">\n<div class=\"wp-block-columns are-vertically-aligned-center scroll-animate has-background is-layout-flex wp-container-core-columns-is-layout-f369e703 wp-block-columns-is-layout-flex\" style=\"background-color:#262626b8;margin-top:var(--wp--preset--spacing--10);margin-bottom:var(--wp--preset--spacing--10)\">\n<div class=\"wp-block-column is-vertically-aligned-center has-global-padding is-content-justification-center is-layout-constrained wp-block-column-is-layout-constrained\" style=\"flex-basis:33%\">\n<figure class=\"wp-block-image aligncenter size-full is-resized\"><img loading=\"lazy\" decoding=\"async\" width=\"2349\" height=\"4554\" src=\"https:\/\/benoit-solutions-1xyvczlwh9.live-website.com\/wp-content\/uploads\/2024\/09\/Groupe-SEB.png\" alt=\"\" class=\"wp-image-132\" style=\"width:196px;height:auto\"\/><\/figure>\n\n\n\n<figure class=\"wp-block-image aligncenter size-full is-resized wp-duotone-00000000-f9f9f9-1\"><img loading=\"lazy\" decoding=\"async\" width=\"1280\" height=\"720\" src=\"https:\/\/benoit-solutions-1xyvczlwh9.live-website.com\/wp-content\/uploads\/2024\/09\/Rowenta-symbole.jpg\" alt=\"\" class=\"wp-image-141\" style=\"width:236px;height:auto\"\/><\/figure>\n<\/div>\n\n\n\n<div class=\"wp-block-column is-vertically-aligned-center is-layout-flow wp-block-column-is-layout-flow\">\n<p class=\"has-large-font-size\"><strong>Since 2021 \u2013 Rowenta, GROUPE SEB, Vernon:<\/strong><\/p>\n\n\n\n<ul class=\"wp-block-list\">\n<li><strong>Cybersecuriity : Pentest on vaccum robot cleaner<\/strong><\/li>\n<\/ul>\n\n\n\n<p style=\"line-height:1.2\">Hardware analysis (external flash reading, debug port, etc.)<\/p>\n\n\n\n<p>Network analysis (<strong>Wireshark<\/strong>)<\/p>\n\n\n\n<p style=\"line-height:1.2\">Evaluation de l&rsquo;exposition d&rsquo;informations sensibles (Donn\u00e9es clients, version de librairies, technologies utilis\u00e9es)<\/p>\n\n\n\n<p>Recherche de vuln\u00e9rabilit\u00e9s bas\u00e9es sur les donn\u00e9es sensibles<\/p>\n\n\n\n<p style=\"line-height:1.2\">Static analysis of application firmware (<strong>Ghidra<\/strong>, <strong>Binwalk<\/strong>)<\/p>\n\n\n\n<p style=\"line-height:1.2\">Rem\u00e9diation et analyse des risques associ\u00e9s<\/p>\n\n\n\n<ul class=\"wp-block-list\">\n<li><strong>Development of lab tools<\/strong>:<\/li>\n<\/ul>\n\n\n\n<p>Design of product update tool and protocol via battery connector <strong>(Disassembly free)<\/strong> <\/p>\n\n\n\n<p><strong>-&gt; MAJ produit 60x plus rapide (15 min -&gt; 15 secondes)<\/strong><\/p>\n\n\n\n<p><strong>-&gt; Analyse SAV 60x plus rapide (5 min -&gt; 5 secondes)<\/strong><\/p>\n\n\n\n<ul class=\"wp-block-list\">\n<li><strong>Versatile vacuum cleaner embedded development: <\/strong><\/li>\n<\/ul>\n\n\n\n<p>D\u00e9finition des exigences SW (Produits, fonctionnelles, techniques sous Squash), d\u00e9veloppement en <strong>langage C,<\/strong><\/p>\n\n\n\n<p>Ecriture\/r\u00e9alisation des tests unitaires (automatis\u00e9s sous<strong> python<\/strong>), gestion architecture inter-syst\u00e8mes\/inter-produits, am\u00e9lioration\/correction SW (sous Jira).<\/p>\n\n\n\n<ul class=\"wp-block-list\">\n<li><strong>Active participation in the development of the SW<\/strong><strong> process and Electronics development:<\/strong><\/li>\n<\/ul>\n\n\n\n<p>Definition of needs and process, search for tools, implementation of the process via the tools, user training, maintenance of the tools.<\/p>\n<\/div>\n<\/div>\n\n\n\n<div class=\"wp-block-columns is-layout-flex wp-container-core-columns-is-layout-28f84493 wp-block-columns-is-layout-flex\">\n<div class=\"wp-block-column is-vertically-aligned-center scroll-animate has-contrast-background-color has-background is-layout-flow wp-block-column-is-layout-flow\" style=\"padding-top:var(--wp--preset--spacing--10);padding-right:var(--wp--preset--spacing--30);padding-bottom:var(--wp--preset--spacing--10);padding-left:var(--wp--preset--spacing--30)\">\n<p class=\"has-base-color has-text-color has-link-color has-large-font-size wp-elements-297499d6ffe4dc245489a8d695b8c390\"><strong>2021<\/strong><\/p>\n<\/div>\n<\/div>\n\n\n\n<div class=\"wp-block-columns are-vertically-aligned-center scroll-animate has-background is-layout-flex wp-container-core-columns-is-layout-f369e703 wp-block-columns-is-layout-flex\" style=\"background-color:#262626b8;margin-top:var(--wp--preset--spacing--10);margin-bottom:var(--wp--preset--spacing--10)\">\n<div class=\"wp-block-column is-vertically-aligned-center is-layout-flow wp-block-column-is-layout-flow\">\n<p class=\"has-large-font-size\"><strong>2.5 years \u2013 M\u00e9diane Syst\u00e8me, for Schneider Electric, Pacy sur Eure:<\/strong><\/p>\n\n\n\n<ul class=\"wp-block-list has-medium-font-size\">\n<li><strong>Embedded development on high voltage range speed variator (1000V \u2013 14000V): <\/strong><\/li>\n<\/ul>\n\n\n\n<p class=\"has-medium-font-size\">Multi-core architecture (ARM\/DSP) with shared RAM management.<\/p>\n\n\n\n<p class=\"has-medium-font-size\">Real-time communication with multiple subsystems:<\/p>\n\n\n\n<p class=\"has-medium-font-size\">RL78, FPGA, PLC. Maintien et \u00e9volution du software existant.<\/p>\n\n\n\n<p class=\"has-medium-font-size\">Applying fixes to the communication chain: <\/p>\n\n\n\n<p class=\"has-medium-font-size\">Coeur ARM -&gt; DSP -&gt; MCU -&gt; Fpga (Correctifs apport\u00e9s sur l&rsquo;Int\u00e9grit\u00e9 et le transfert des donn\u00e9es)<\/p>\n\n\n\n<ul class=\"wp-block-list\">\n<li><strong>Embedded development on \u201cKeypad\u201d controller connected to drives via ModBus: <\/strong><\/li>\n<\/ul>\n\n\n\n<p class=\"has-medium-font-size\">Maintenance and evolution of existing software, implementation of software configuration management under Git \/ GitHub. <\/p>\n\n\n\n<ul class=\"wp-block-list\">\n<li><strong>Experience focused on:<\/strong><\/li>\n<\/ul>\n\n\n\n<p>C language development on multiprocessor architecture, internal Com,<\/p>\n\n\n\n<p>Shared RAM, real-time, writing technical design documentation, impact analysis, clear case\/quest unit tests, github<\/p>\n<\/div>\n\n\n\n<div class=\"wp-block-column is-vertically-aligned-center is-layout-flow wp-block-column-is-layout-flow\" style=\"flex-basis:33%\">\n<figure class=\"wp-block-image aligncenter size-full is-resized\"><img loading=\"lazy\" decoding=\"async\" width=\"2604\" height=\"1042\" src=\"https:\/\/benoit-solutions-1xyvczlwh9.live-website.com\/wp-content\/uploads\/2024\/09\/Schneider.png\" alt=\"\" class=\"wp-image-130\" style=\"width:312px;height:auto\"\/><\/figure>\n\n\n\n<figure class=\"wp-block-image aligncenter size-full is-resized\"><img loading=\"lazy\" decoding=\"async\" width=\"500\" height=\"215\" src=\"https:\/\/benoit-solutions-1xyvczlwh9.live-website.com\/wp-content\/uploads\/2024\/09\/logo_mediane-systeme_500x215_0.png\" alt=\"\" class=\"wp-image-140\" style=\"width:307px;height:auto\"\/><\/figure>\n<\/div>\n<\/div>\n\n\n\n<div class=\"wp-block-columns is-layout-flex wp-container-core-columns-is-layout-28f84493 wp-block-columns-is-layout-flex\">\n<div class=\"wp-block-column is-vertically-aligned-center scroll-animate has-contrast-background-color has-background is-layout-flow wp-block-column-is-layout-flow\" style=\"padding-top:var(--wp--preset--spacing--10);padding-right:var(--wp--preset--spacing--30);padding-bottom:var(--wp--preset--spacing--10);padding-left:var(--wp--preset--spacing--30)\">\n<p class=\"has-base-color has-text-color has-link-color has-large-font-size wp-elements-d037ef72f4ddb042d15ff03b3e286d11\"><strong>2018<\/strong><\/p>\n<\/div>\n<\/div>\n\n\n\n<div class=\"wp-block-columns scroll-animate has-background is-layout-flex wp-container-core-columns-is-layout-f369e703 wp-block-columns-is-layout-flex\" style=\"background-color:#262626b8;margin-top:var(--wp--preset--spacing--10);margin-bottom:var(--wp--preset--spacing--10)\">\n<div class=\"wp-block-column is-layout-flow wp-block-column-is-layout-flow\" style=\"flex-basis:33%\">\n<figure class=\"wp-block-image aligncenter size-full is-resized\"><img loading=\"lazy\" decoding=\"async\" width=\"500\" height=\"500\" src=\"https:\/\/benoit-solutions-1xyvczlwh9.live-website.com\/wp-content\/uploads\/2024\/09\/NXP.png\" alt=\"\" class=\"wp-image-129\" style=\"width:202px;height:auto\"\/><\/figure>\n<\/div>\n\n\n\n<div class=\"wp-block-column is-vertically-aligned-center is-layout-flow wp-block-column-is-layout-flow\">\n<p class=\"has-large-font-size\"><strong>6 months \u2013 NXP, Caen, France<\/strong><\/p>\n\n\n\n<p class=\"has-large-font-size\"><strong>Final studies project <\/strong><\/p>\n\n\n\n<p>R\u00e9alisation d\u2019un simulateur de carte SIM sur MCU (LPC1769) et Raspberry Pi : routage d\u2019une carte d\u2019extension de Raspberrypi comportant le MCU et l\u2019interface HW requise pour \u00e9changer avec le lecteur de carte SIM.<\/p>\n\n\n\n<p>\u00c9laboration d\u2019un script python sur PC permettant le transfert de diff\u00e9rents sc\u00e9narios vers le simulateur. <\/p>\n\n\n\n<p><br><strong>Experience focused on:<\/strong><\/p>\n\n\n\n<p>C language, real time (FreeRTOS), reading technical documentation<\/p>\n\n\n\n<p>(MCU Standards and Datasheet), Tortoise SVN, development of software and hardware architectures<\/p>\n<\/div>\n<\/div>\n\n\n\n<div class=\"wp-block-columns is-layout-flex wp-container-core-columns-is-layout-28f84493 wp-block-columns-is-layout-flex\">\n<div class=\"wp-block-column is-vertically-aligned-center scroll-animate has-contrast-background-color has-background is-layout-flow wp-block-column-is-layout-flow\" style=\"padding-top:var(--wp--preset--spacing--10);padding-right:var(--wp--preset--spacing--30);padding-bottom:var(--wp--preset--spacing--10);padding-left:var(--wp--preset--spacing--30)\">\n<p class=\"has-base-color has-text-color has-link-color has-large-font-size wp-elements-68f9cc1c4a2ddcc2d2de6f4ff209204e\"><strong>2017<\/strong><\/p>\n<\/div>\n<\/div>\n\n\n\n<div class=\"wp-block-columns scroll-animate has-background is-layout-flex wp-container-core-columns-is-layout-f369e703 wp-block-columns-is-layout-flex\" style=\"background-color:#262626b8;margin-top:var(--wp--preset--spacing--10);margin-bottom:var(--wp--preset--spacing--10)\">\n<div class=\"wp-block-column is-vertically-aligned-center is-layout-flow wp-block-column-is-layout-flow\">\n<p class=\"has-large-font-size\"><strong>4 months \u2013 Creation of an industrial embedded system<\/strong><\/p>\n\n\n\n<p class=\"has-large-font-size\"><strong>Internship abroad<\/strong> : Renningen, Allemagne<\/p>\n\n\n\n<p><strong>Experience focused on: <\/strong><\/p>\n\n\n\n<p>Independent work, solution research, printed circuit routing, C language, <\/p>\n\n\n\n<p>English practice (written, read, spoken)<\/p>\n<\/div>\n\n\n\n<div class=\"wp-block-column is-vertically-aligned-center is-layout-flow wp-block-column-is-layout-flow\" style=\"flex-basis:33%\">\n<figure class=\"wp-block-image aligncenter size-full is-resized\"><img loading=\"lazy\" decoding=\"async\" width=\"800\" height=\"189\" src=\"https:\/\/benoit-solutions-1xyvczlwh9.live-website.com\/wp-content\/uploads\/2024\/09\/Bosch_logo.png\" alt=\"\" class=\"wp-image-139\" style=\"width:266px;height:auto\"\/><\/figure>\n<\/div>\n<\/div>\n<\/div>","protected":false},"excerpt":{"rendered":"<p>Depuis 2021 &#8211; Rowenta, GROUPE SEB, Vernon : Analyse mat\u00e9riel (lecture de flash externe, port de debug..etc) Analyse r\u00e9seau (Wireshark) Evaluation de l&rsquo;exposition d&rsquo;informations sensibles (Donn\u00e9es clients, version de librairies, technologies utilis\u00e9es) Recherche de vuln\u00e9rabilit\u00e9s bas\u00e9es sur les donn\u00e9es sensibles Analyse statique du firmware applicatif (Ghidra, Binwalk) Rem\u00e9diation et analyse des risques associ\u00e9s Outil et [&hellip;]<\/p>\n","protected":false},"author":1,"featured_media":0,"parent":0,"menu_order":0,"comment_status":"closed","ping_status":"closed","template":"","meta":{"footnotes":""},"class_list":["post-136","page","type-page","status-publish","hentry"],"_links":{"self":[{"href":"https:\/\/benoit-solutions.com\/en\/wp-json\/wp\/v2\/pages\/136","targetHints":{"allow":["GET"]}}],"collection":[{"href":"https:\/\/benoit-solutions.com\/en\/wp-json\/wp\/v2\/pages"}],"about":[{"href":"https:\/\/benoit-solutions.com\/en\/wp-json\/wp\/v2\/types\/page"}],"author":[{"embeddable":true,"href":"https:\/\/benoit-solutions.com\/en\/wp-json\/wp\/v2\/users\/1"}],"replies":[{"embeddable":true,"href":"https:\/\/benoit-solutions.com\/en\/wp-json\/wp\/v2\/comments?post=136"}],"version-history":[{"count":26,"href":"https:\/\/benoit-solutions.com\/en\/wp-json\/wp\/v2\/pages\/136\/revisions"}],"predecessor-version":[{"id":445,"href":"https:\/\/benoit-solutions.com\/en\/wp-json\/wp\/v2\/pages\/136\/revisions\/445"}],"wp:attachment":[{"href":"https:\/\/benoit-solutions.com\/en\/wp-json\/wp\/v2\/media?parent=136"}],"curies":[{"name":"wp","href":"https:\/\/api.w.org\/{rel}","templated":true}]}}